{"id":131,"date":"2025-08-20T14:34:43","date_gmt":"2025-08-20T14:34:43","guid":{"rendered":"https:\/\/dev.addex.ch\/?page_id=131"},"modified":"2025-12-05T09:51:47","modified_gmt":"2025-12-05T09:51:47","slug":"geschaeftsfelder","status":"publish","type":"page","link":"https:\/\/addex.ch\/startseite\/geschaeftsfelder\/","title":{"rendered":"Gesch\u00e4ftsfelder"},"content":{"rendered":"\n<h2 class=\"wp-block-heading alignwide has-text-align-center\"><strong>Unsere Gesch\u00e4ftsfelder<\/strong><\/h2>\n\n\n\n<details class=\"wp-block-details alignwide has-custom-color-1-color has-text-color has-link-color wp-elements-ef77f5aa394f2b2a48b907aa68d0617e is-layout-flow wp-container-core-details-is-layout-8a368f38 wp-block-details-is-layout-flow\" style=\"font-style:normal;font-weight:700\"><summary>Beratung<\/summary>\n<div class=\"wp-block-cover is-light has-parallax\" style=\"min-height:289px;aspect-ratio:unset;\"><div class=\"wp-block-cover__image-background wp-image-123 size-full has-parallax\" style=\"background-position:50% 50%;background-image:url(http:\/\/addex.ch\/wp-content\/uploads\/2025\/08\/addex-5736_7_5-scaled.jpg)\"><\/div><span aria-hidden=\"true\" class=\"wp-block-cover__background has-background-dim\" style=\"background-color:#9c9a9b\"><\/span><div class=\"wp-block-cover__inner-container has-global-padding is-layout-constrained wp-block-cover-is-layout-constrained\">\n<p style=\"font-size:clamp(14px, 0.875rem + ((1vw - 3.2px) * 0.294), 17px);font-style:normal;font-weight:400\">Durch langj\u00e4hrige Erfahrung in verschiedensten Handlungsfeldern der Kunststofftechnik sowie der st\u00e4ndigen Weiterbildung unserer Mitarbeiter, sind wir in der Lage unsere Kunden&nbsp; vollumf\u00e4nglich und zielf\u00fchrend zu beraten.<\/p>\n\n\n\n<p style=\"font-size:clamp(14px, 0.875rem + ((1vw - 3.2px) * 0.294), 17px);font-style:normal;font-weight:400\">\u201eNicht Alles, was mit neusten Technologien machbar ist, ist auch sinnvoll. \u201e Durch eine gezielte Beratung bereits in der Startphase eines Projektes kann oft eine Menge Zeit und Geld eingespart werden.<\/p>\n<\/div><\/div>\n<\/details>\n\n\n\n<details class=\"wp-block-details alignwide has-custom-color-1-color has-text-color has-link-color wp-elements-7c08d9494de9aa56a827992a31387bcf is-layout-flow wp-block-details-is-layout-flow\" style=\"font-style:normal;font-weight:700\"><summary>Konstruktion\/Entwicklung<\/summary>\n<div style=\"aspect-ratio:3\/2;min-height:unset;\" class=\"wp-block-cover is-light has-parallax is-repeated has-aspect-ratio\"><div class=\"wp-block-cover__image-background wp-image-148 size-full has-parallax is-repeated\" style=\"background-position:47% 73%;background-image:url(http:\/\/addex.ch\/wp-content\/uploads\/2025\/08\/addex-9994.jpg)\"><\/div><span aria-hidden=\"true\" class=\"wp-block-cover__background has-background-dim\" style=\"background-color:#cccccc\"><\/span><div class=\"wp-block-cover__inner-container is-layout-flow wp-block-cover-is-layout-flow\">\n<div class=\"wp-block-columns are-vertically-aligned-center is-layout-flex wp-container-core-columns-is-layout-28f84493 wp-block-columns-is-layout-flex\">\n<div class=\"wp-block-column is-vertically-aligned-center has-medium-font-size is-layout-flow wp-block-column-is-layout-flow\">\n<p style=\"font-size:clamp(14px, 0.875rem + ((1vw - 3.2px) * 0.294), 17px);font-style:normal;font-weight:400\">Die eigene Konstruktionsabteilung ist ein wichtiger Baustein hinsichtlich der Durchg\u00e4ngigkeit im Herstellprozess eines Werkzeugs.<\/p>\n\n\n\n<p style=\"font-size:clamp(14px, 0.875rem + ((1vw - 3.2px) * 0.294), 17px);font-style:normal;font-weight:400\">Dank unserem gut ausgebauten Netzwerk k\u00f6nnen wir unseren Kunden auch weiterf\u00fchrende Entwicklungsdienstleistungen anbieten wie z.B. F\u00fcllanalysen und verschiedene Festigkeitsberechnungen.<\/p>\n<\/div>\n\n\n\n<div class=\"wp-block-column is-vertically-aligned-center is-layout-flow wp-block-column-is-layout-flow\">\n<ul style=\"background-color:#dedede;margin-top:0;margin-right:0;margin-bottom:0;margin-left:0;font-size:clamp(14px, 0.875rem + ((1vw - 3.2px) * 0.294), 17px);\" class=\"wp-block-list is-style-checkmark-list has-background\">\n<li class=\"has-contrast-color has-text-color has-link-color wp-elements-3da9db37298b02804d910cee4e17b090\">Kaltkanalwerkzeuge <br>(Zwei- und Dreiplattenwerkzeuge)<\/li>\n\n\n\n<li>Heisskanalwerkzeuge <br>(Zwei- und Mehrkomponenten-werkzeuge)<\/li>\n\n\n\n<li>Spritzgiesswerkzeuge zur vertikalen und horizontalen Best\u00fcckung von Einlegeteilen<\/li>\n\n\n\n<li>Spritzgusswerkzeuge mit Schieberanordnung, mechanisch oder hydraulisch gesteuert<\/li>\n\n\n\n<li>Gewindeentspindelung mechanisch, hydraulisch<\/li>\n\n\n\n<li>GIT (Gasininjektionstechnik)<\/li>\n<\/ul>\n<\/div>\n<\/div>\n<\/div><\/div>\n<\/details>\n\n\n\n<details class=\"wp-block-details alignwide has-custom-color-1-color has-text-color has-link-color wp-elements-2dbdb6fbe68659c7ff5e2d8f0752a036 is-layout-flow wp-block-details-is-layout-flow\" style=\"font-style:normal;font-weight:700\"><summary>Spritzgussformenbau<\/summary>\n<div class=\"wp-block-cover aligncenter is-light has-parallax is-repeated\"><div class=\"wp-block-cover__image-background wp-image-145 size-large has-parallax is-repeated\" style=\"background-position:50% 50%;background-image:url(http:\/\/addex.ch\/wp-content\/uploads\/2025\/08\/addex-0020-1024x683.jpg)\"><\/div><span aria-hidden=\"true\" class=\"wp-block-cover__background has-background-dim\" style=\"background-color:#e9e8e6\"><\/span><div class=\"wp-block-cover__inner-container is-layout-flow wp-block-cover-is-layout-flow\">\n<p class=\"has-text-align-center\" style=\"font-size:clamp(14px, 0.875rem + ((1vw - 3.2px) * 0.294), 17px);font-style:normal;font-weight:400\">Addex Spritzgusswerkzeuge zeichnen sich durch ein optimales Preis- Leistungsverh\u00e4ltnis aus. Durch die grosse Fertigungstiefe verf\u00fcgt die Addex AG \u00fcber einen \u00e4usserst leitungsf\u00e4higen Werkzeugbau.<\/p>\n\n\n\n<p class=\"has-text-align-center\" style=\"font-size:clamp(14px, 0.875rem + ((1vw - 3.2px) * 0.294), 17px);font-style:normal;font-weight:400\">Unsere Spritzgusswerkzeuge werden nach individuellem Bedarf und unter h\u00f6chstem qualitativen Anforderungen entwickelt und gefertigt.<\/p>\n\n\n\n<ul style=\"font-size:clamp(14px, 0.875rem + ((1vw - 3.2px) * 0.294), 17px);\" class=\"wp-block-list is-style-checkmark-list\">\n<li>Kaltkanalwerkzeuge (Zwei- und Dreiplattenwerkzeuge)<\/li>\n\n\n\n<li>Heisskanalwerkzeuge (Zwei- und Mehrkomponentenwerkzeuge)<\/li>\n\n\n\n<li>Spritzgiesswerkzeuge zur vertikalen und horizontalen Best\u00fcckung von Einlegeteilen<\/li>\n\n\n\n<li>Spritzgusswerkzeuge mit Schieberanordnung, mechanisch oder hydraulisch gesteuert<\/li>\n\n\n\n<li>Gewindeentspindelung mechanisch, hydraulisch<\/li>\n<\/ul>\n\n\n\n<p style=\"font-size:clamp(14px, 0.875rem + ((1vw - 3.2px) * 0.294), 17px);font-style:normal;font-weight:400\">Mit dieser Werkzeugvielfalt werden sowohl alle g\u00e4ngigen verst\u00e4rkten und unverst\u00e4rkten technischen Kunststofftypen, als auch Hochleistungskunststoffe verarbeitet.<\/p>\n<\/div><\/div>\n<\/details>\n\n\n\n<details class=\"wp-block-details alignwide has-custom-color-1-color has-text-color has-link-color wp-elements-773fc7542ff1e730c3130015be0b20c9 is-layout-flow wp-block-details-is-layout-flow\" style=\"font-style:normal;font-weight:700\"><summary>Pressformen Duroplast<\/summary>\n<div class=\"wp-block-cover alignwide is-light has-parallax\"><div class=\"wp-block-cover__image-background wp-image-151 size-full has-parallax\" style=\"background-position:50% 50%;background-image:url(http:\/\/addex.ch\/wp-content\/uploads\/2025\/08\/addex-5741-scaled.jpg)\"><\/div><span aria-hidden=\"true\" class=\"wp-block-cover__background has-background-dim\" style=\"background-color:#a9a8a7\"><\/span><div class=\"wp-block-cover__inner-container is-layout-flow wp-block-cover-is-layout-flow\">\n<p class=\"has-contrast-color has-text-color has-link-color wp-elements-14e6b1582dc6e3da29b9b6a50b249924\" style=\"font-size:clamp(14px, 0.875rem + ((1vw - 3.2px) * 0.294), 17px);font-style:normal;font-weight:400\">Die Pressformen aus dem Hause Addex stehen weltweit im t\u00e4glichen im Einsatz. Die 4- bis 8-fach Pressformen werden zum Aufbringen der Kunststoffisolation von Elektromotorenankern eingesetzt. Durch den modularen Aufbau k\u00f6nnen in diesen Formen die verschiedensten Ankertypen verarbeitet werden. Die Formen zeichnen sich aus durch:<\/p>\n\n\n\n<ul style=\"font-size:clamp(14px, 0.875rem + ((1vw - 3.2px) * 0.294), 17px);\" class=\"wp-block-list is-style-checkmark-list\">\n<li>Hohe Flexibilit\u00e4t durch die modulare Bauweise (Baukastensystem)<\/li>\n\n\n\n<li>Austauschbarkeit s\u00e4mtlicher Formteile<\/li>\n\n\n\n<li>Lange Lebensdauer<\/li>\n\n\n\n<li>Wartungsfreundlichkeit<\/li>\n\n\n\n<li>hohe Zuverl\u00e4ssigkeit<\/li>\n<\/ul>\n<\/div><\/div>\n<\/details>\n\n\n\n<details class=\"wp-block-details alignwide has-custom-color-1-color has-text-color has-link-color wp-elements-dc1584b9eb92e0411030ddfb42b1f5f8 is-layout-flow wp-block-details-is-layout-flow\" style=\"font-style:normal;font-weight:700\"><summary>Vorrichtungsbau<\/summary>\n<div class=\"wp-block-cover is-light has-parallax is-repeated\"><div class=\"wp-block-cover__image-background wp-image-149 size-full has-parallax is-repeated\" style=\"background-position:72% 26%;background-image:url(http:\/\/addex.ch\/wp-content\/uploads\/2025\/08\/einlegekorb.jpg)\"><\/div><span aria-hidden=\"true\" class=\"wp-block-cover__background has-background-dim\" style=\"background-color:#dededd\"><\/span><div class=\"wp-block-cover__inner-container is-layout-flow wp-block-cover-is-layout-flow\">\n<p class=\"has-text-align-left\" style=\"font-size:clamp(14px, 0.875rem + ((1vw - 3.2px) * 0.294), 17px);font-style:normal;font-weight:400\">Im Vorrichtungsbau bieten wir Ihnen folgende Leistungen an:<\/p>\n\n\n\n<ul style=\"font-size:clamp(14px, 0.875rem + ((1vw - 3.2px) * 0.294), 17px);\" class=\"wp-block-list is-style-checkmark-list\">\n<li>Einlegevorrichtungen<\/li>\n\n\n\n<li>Aufspannvorrichtungen nach Kundenwunsch<\/li>\n\n\n\n<li>Kontrolllehren<\/li>\n<\/ul>\n\n\n\n<p class=\"has-text-align-left\" style=\"font-size:clamp(14px, 0.875rem + ((1vw - 3.2px) * 0.294), 17px);font-style:normal;font-weight:400\">In der Addex eigenen Konstruktionsabteilung k\u00f6nnen wir Ihnen massgeschneiderte L\u00f6sungen anbieten<\/p>\n<\/div><\/div>\n<\/details>\n\n\n\n<details class=\"wp-block-details alignwide has-custom-color-1-color has-text-color has-link-color wp-elements-e6c9d1b0e84dd44458352b9451e22a6f is-layout-flow wp-block-details-is-layout-flow\" style=\"font-style:normal;font-weight:700\"><summary>Pr\u00e4zisionsteile<\/summary>\n<div class=\"wp-block-cover is-light has-parallax\"><div class=\"wp-block-cover__image-background wp-image-147 size-full has-parallax\" style=\"background-position:50% 50%;background-image:url(http:\/\/addex.ch\/wp-content\/uploads\/2025\/08\/addex-0117.jpg)\"><\/div><span aria-hidden=\"true\" class=\"wp-block-cover__background has-background-dim\" style=\"background-color:#cacac9\"><\/span><div class=\"wp-block-cover__inner-container has-global-padding is-layout-constrained wp-block-cover-is-layout-constrained\">\n<p style=\"font-size:clamp(14px, 0.875rem + ((1vw - 3.2px) * 0.294), 17px);font-style:normal;font-weight:400\">Die grosse Fertigungstiefe erlaubt uns, praktisch alle g\u00e4ngigen Bearbeitungen in h\u00f6chster Pr\u00e4zision anzubieten:<\/p>\n\n\n\n<ul style=\"font-size:clamp(14px, 0.875rem + ((1vw - 3.2px) * 0.294), 17px);\" class=\"wp-block-list is-style-checkmark-list\">\n<li>Fr\u00e4sen, konventionell, CNC, HSC bis ca. 60HRC<\/li>\n\n\n\n<li>Drehen, konventionell, CNC, hartdrehen<\/li>\n\n\n\n<li>Senk- und Drahterodieren, sowie Startlocherodieren<\/li>\n\n\n\n<li>Flachschleifen<\/li>\n\n\n\n<li>Rundschleifen<\/li>\n\n\n\n<li>Tieflochbohren<\/li>\n\n\n\n<li>Polieren<\/li>\n<\/ul>\n<\/div><\/div>\n<\/details>\n\n\n\n<details class=\"wp-block-details alignwide has-custom-color-1-color has-text-color has-link-color wp-elements-fca1b74387cdaecef86cb99a82c5faca is-layout-flow wp-block-details-is-layout-flow\" style=\"font-style:normal;font-weight:700\"><summary>Prototyping<\/summary>\n<div class=\"wp-block-cover is-light has-parallax\"><div class=\"wp-block-cover__image-background wp-image-144 size-full has-parallax\" style=\"background-position:50% 50%;background-image:url(http:\/\/addex.ch\/wp-content\/uploads\/2025\/08\/addex-0007.jpg)\"><\/div><span aria-hidden=\"true\" class=\"wp-block-cover__background has-background-dim\" style=\"background-color:#e0dfdd\"><\/span><div class=\"wp-block-cover__inner-container has-global-padding is-layout-constrained wp-block-cover-is-layout-constrained\">\n<p style=\"font-size:clamp(14px, 0.875rem + ((1vw - 3.2px) * 0.294), 17px);font-style:normal;font-weight:400\">Basierend auf dem Prinzip Stammform\/Wechseleins\u00e4tze k\u00f6nnen wir Ihnen innert k\u00fcrzester Zeit gespritzt oder aus duroplastischen Formmassen gepresste Musterteile&nbsp;herstellen. <\/p>\n\n\n\n<p style=\"font-size:clamp(14px, 0.875rem + ((1vw - 3.2px) * 0.294), 17px);font-style:normal;font-weight:400\">Mit unserem leistungsstarken 3D-Drucker ist es uns m\u00f6glich, Ihnen innert k\u00fcrzester Zeit kosteng\u00fcnstige Anschauungsmodelle zu Ihrem Projekt zu erstellen. Wir verf\u00fcgen dabei \u00fcber eine Bandbreite von verschiedensten Materialen um Ihr Projekt schnell und unkompliziert greifbar zu machen.<\/p>\n\n\n\n<p style=\"font-size:clamp(14px, 0.875rem + ((1vw - 3.2px) * 0.294), 17px);font-style:normal;font-weight:400\">Die von uns schnell und unkompliziert hergestellten Musterteile helfen Ihnen, w\u00e4hrend der Evaluationsphase die Kosten niedrig zu halten. Ausserdem bieten Sie ihnen folgende M\u00f6glichkeiten:<\/p>\n\n\n\n<ul style=\"font-size:clamp(14px, 0.875rem + ((1vw - 3.2px) * 0.294), 17px);\" class=\"wp-block-list\">\n<li style=\"font-size:clamp(14px, 0.875rem + ((1vw - 3.2px) * 0.294), 17px);\">Begutachtung<\/li>\n\n\n\n<li>Analyse<\/li>\n\n\n\n<li>Pr\u00fcfung<\/li>\n\n\n\n<li>Ausstellen der Musterteile<\/li>\n\n\n\n<li>Erstellen von Marktanalysen und Werbeunterlagen<\/li>\n<\/ul>\n<\/div><\/div>\n<\/details>\n\n\n\n<details class=\"wp-block-details alignwide has-custom-color-1-color has-text-color has-link-color wp-elements-2af34454ba21d0355f59366aedbaa5e7 is-layout-flow wp-block-details-is-layout-flow\" style=\"font-style:normal;font-weight:700\"><summary>Produktion<\/summary>\n<div class=\"wp-block-cover is-light has-parallax\"><div class=\"wp-block-cover__image-background wp-image-157 size-full has-parallax\" style=\"background-position:21% 58%;background-image:url(http:\/\/addex.ch\/wp-content\/uploads\/2025\/08\/addex_1-scaled.jpg)\"><\/div><span aria-hidden=\"true\" class=\"wp-block-cover__background has-background-dim-0 has-background-dim\"><\/span><div class=\"wp-block-cover__inner-container has-global-padding is-layout-constrained wp-block-cover-is-layout-constrained\">\n<p style=\"font-size:clamp(14px, 0.875rem + ((1vw - 3.2px) * 0.294), 17px);font-style:normal;font-weight:400\">In unserer hauseigenen Spritzgussabteilung fertigen wir diverse Eigenprodukte. Nebst unserer Eigenproduktion bieten wird Ihnen folgende Dienstleistungen im Bereich Produktion:<\/p>\n\n\n\n<ul style=\"font-size:clamp(14px, 0.875rem + ((1vw - 3.2px) * 0.294), 17px);\" class=\"wp-block-list\">\n<li>Werkzeugbemusterungen (Thermo- und Duroplast)<\/li>\n\n\n\n<li>Prototypenteile (Thermoplastspritzguss)<\/li>\n\n\n\n<li>Prototypenteile (Duroplast)<\/li>\n\n\n\n<li>0-Serien<\/li>\n\n\n\n<li>Serienteile<\/li>\n\n\n\n<li>Ankerumpressen<\/li>\n\n\n\n<li>Montagearbeiten <\/li>\n\n\n\n<li>Lohnproduktion Ihrer Spritzgussteile<\/li>\n<\/ul>\n<\/div><\/div>\n<\/details>\n","protected":false},"excerpt":{"rendered":"<p>Unsere Gesch\u00e4ftsfelder<\/p>\n","protected":false},"author":1,"featured_media":0,"parent":0,"menu_order":0,"comment_status":"closed","ping_status":"closed","template":"","meta":{"_uag_custom_page_level_css":"","footnotes":""},"class_list":["post-131","page","type-page","status-publish","hentry"],"yoast_head":"<!-- This site is optimized with the Yoast SEO plugin v27.4 - https:\/\/yoast.com\/product\/yoast-seo-wordpress\/ -->\n<title>Gesch\u00e4ftsfelder - Addex AG<\/title>\n<meta name=\"description\" content=\"Die Firma Addex AG bietet zahlreiche Gesch\u00e4ftsfelder. Von Beratung, Konstruktion\/Entwicklung, Spritzgussformenbau bis zum Prototyping.\" \/>\n<meta name=\"robots\" content=\"index, follow, max-snippet:-1, max-image-preview:large, max-video-preview:-1\" \/>\n<link rel=\"canonical\" href=\"https:\/\/addex.ch\/startseite\/geschaeftsfelder\/\" \/>\n<meta property=\"og:locale\" content=\"de_DE\" \/>\n<meta property=\"og:type\" content=\"article\" \/>\n<meta property=\"og:title\" content=\"Gesch\u00e4ftsfelder - Addex AG\" \/>\n<meta property=\"og:description\" content=\"Die Firma Addex AG bietet zahlreiche Gesch\u00e4ftsfelder. Von Beratung, Konstruktion\/Entwicklung, Spritzgussformenbau bis zum Prototyping.\" \/>\n<meta property=\"og:url\" content=\"https:\/\/addex.ch\/startseite\/geschaeftsfelder\/\" \/>\n<meta property=\"og:site_name\" content=\"Addex AG\" \/>\n<meta property=\"article:modified_time\" content=\"2025-12-05T09:51:47+00:00\" \/>\n<meta name=\"twitter:card\" content=\"summary_large_image\" \/>\n<meta name=\"twitter:label1\" content=\"Gesch\u00e4tzte Lesezeit\" \/>\n\t<meta name=\"twitter:data1\" content=\"3\u00a0Minuten\" \/>\n<script type=\"application\/ld+json\" class=\"yoast-schema-graph\">{\"@context\":\"https:\\\/\\\/schema.org\",\"@graph\":[{\"@type\":\"WebPage\",\"@id\":\"https:\\\/\\\/addex.ch\\\/startseite\\\/geschaeftsfelder\\\/\",\"url\":\"https:\\\/\\\/addex.ch\\\/startseite\\\/geschaeftsfelder\\\/\",\"name\":\"Gesch\u00e4ftsfelder - Addex AG\",\"isPartOf\":{\"@id\":\"https:\\\/\\\/addex.ch\\\/startseite\\\/#website\"},\"datePublished\":\"2025-08-20T14:34:43+00:00\",\"dateModified\":\"2025-12-05T09:51:47+00:00\",\"description\":\"Die Firma Addex AG bietet zahlreiche Gesch\u00e4ftsfelder. Von Beratung, Konstruktion\\\/Entwicklung, Spritzgussformenbau bis zum Prototyping.\",\"breadcrumb\":{\"@id\":\"https:\\\/\\\/addex.ch\\\/startseite\\\/geschaeftsfelder\\\/#breadcrumb\"},\"inLanguage\":\"de\",\"potentialAction\":[{\"@type\":\"ReadAction\",\"target\":[\"https:\\\/\\\/addex.ch\\\/startseite\\\/geschaeftsfelder\\\/\"]}]},{\"@type\":\"BreadcrumbList\",\"@id\":\"https:\\\/\\\/addex.ch\\\/startseite\\\/geschaeftsfelder\\\/#breadcrumb\",\"itemListElement\":[{\"@type\":\"ListItem\",\"position\":1,\"name\":\"Startseite\",\"item\":\"https:\\\/\\\/addex.ch\\\/startseite\\\/\"},{\"@type\":\"ListItem\",\"position\":2,\"name\":\"Gesch\u00e4ftsfelder\"}]},{\"@type\":\"WebSite\",\"@id\":\"https:\\\/\\\/addex.ch\\\/startseite\\\/#website\",\"url\":\"https:\\\/\\\/addex.ch\\\/startseite\\\/\",\"name\":\"Addex AG\",\"description\":\"better solutions by cooperation\",\"publisher\":{\"@id\":\"https:\\\/\\\/addex.ch\\\/startseite\\\/#organization\"},\"potentialAction\":[{\"@type\":\"SearchAction\",\"target\":{\"@type\":\"EntryPoint\",\"urlTemplate\":\"https:\\\/\\\/addex.ch\\\/startseite\\\/?s={search_term_string}\"},\"query-input\":{\"@type\":\"PropertyValueSpecification\",\"valueRequired\":true,\"valueName\":\"search_term_string\"}}],\"inLanguage\":\"de\"},{\"@type\":\"Organization\",\"@id\":\"https:\\\/\\\/addex.ch\\\/startseite\\\/#organization\",\"name\":\"Addex AG\",\"url\":\"https:\\\/\\\/addex.ch\\\/startseite\\\/\",\"logo\":{\"@type\":\"ImageObject\",\"inLanguage\":\"de\",\"@id\":\"https:\\\/\\\/addex.ch\\\/startseite\\\/#\\\/schema\\\/logo\\\/image\\\/\",\"url\":\"https:\\\/\\\/addex.ch\\\/wp-content\\\/uploads\\\/2025\\\/08\\\/Addex-Logo-1-scaled.png\",\"contentUrl\":\"https:\\\/\\\/addex.ch\\\/wp-content\\\/uploads\\\/2025\\\/08\\\/Addex-Logo-1-scaled.png\",\"width\":2560,\"height\":649,\"caption\":\"Addex AG\"},\"image\":{\"@id\":\"https:\\\/\\\/addex.ch\\\/startseite\\\/#\\\/schema\\\/logo\\\/image\\\/\"}}]}<\/script>\n<!-- \/ Yoast SEO plugin. -->","yoast_head_json":{"title":"Gesch\u00e4ftsfelder - Addex AG","description":"Die Firma Addex AG bietet zahlreiche Gesch\u00e4ftsfelder. Von Beratung, Konstruktion\/Entwicklung, Spritzgussformenbau bis zum Prototyping.","robots":{"index":"index","follow":"follow","max-snippet":"max-snippet:-1","max-image-preview":"max-image-preview:large","max-video-preview":"max-video-preview:-1"},"canonical":"https:\/\/addex.ch\/startseite\/geschaeftsfelder\/","og_locale":"de_DE","og_type":"article","og_title":"Gesch\u00e4ftsfelder - Addex AG","og_description":"Die Firma Addex AG bietet zahlreiche Gesch\u00e4ftsfelder. Von Beratung, Konstruktion\/Entwicklung, Spritzgussformenbau bis zum Prototyping.","og_url":"https:\/\/addex.ch\/startseite\/geschaeftsfelder\/","og_site_name":"Addex AG","article_modified_time":"2025-12-05T09:51:47+00:00","twitter_card":"summary_large_image","twitter_misc":{"Gesch\u00e4tzte Lesezeit":"3\u00a0Minuten"},"schema":{"@context":"https:\/\/schema.org","@graph":[{"@type":"WebPage","@id":"https:\/\/addex.ch\/startseite\/geschaeftsfelder\/","url":"https:\/\/addex.ch\/startseite\/geschaeftsfelder\/","name":"Gesch\u00e4ftsfelder - Addex AG","isPartOf":{"@id":"https:\/\/addex.ch\/startseite\/#website"},"datePublished":"2025-08-20T14:34:43+00:00","dateModified":"2025-12-05T09:51:47+00:00","description":"Die Firma Addex AG bietet zahlreiche Gesch\u00e4ftsfelder. Von Beratung, Konstruktion\/Entwicklung, Spritzgussformenbau bis zum Prototyping.","breadcrumb":{"@id":"https:\/\/addex.ch\/startseite\/geschaeftsfelder\/#breadcrumb"},"inLanguage":"de","potentialAction":[{"@type":"ReadAction","target":["https:\/\/addex.ch\/startseite\/geschaeftsfelder\/"]}]},{"@type":"BreadcrumbList","@id":"https:\/\/addex.ch\/startseite\/geschaeftsfelder\/#breadcrumb","itemListElement":[{"@type":"ListItem","position":1,"name":"Startseite","item":"https:\/\/addex.ch\/startseite\/"},{"@type":"ListItem","position":2,"name":"Gesch\u00e4ftsfelder"}]},{"@type":"WebSite","@id":"https:\/\/addex.ch\/startseite\/#website","url":"https:\/\/addex.ch\/startseite\/","name":"Addex AG","description":"better solutions by cooperation","publisher":{"@id":"https:\/\/addex.ch\/startseite\/#organization"},"potentialAction":[{"@type":"SearchAction","target":{"@type":"EntryPoint","urlTemplate":"https:\/\/addex.ch\/startseite\/?s={search_term_string}"},"query-input":{"@type":"PropertyValueSpecification","valueRequired":true,"valueName":"search_term_string"}}],"inLanguage":"de"},{"@type":"Organization","@id":"https:\/\/addex.ch\/startseite\/#organization","name":"Addex AG","url":"https:\/\/addex.ch\/startseite\/","logo":{"@type":"ImageObject","inLanguage":"de","@id":"https:\/\/addex.ch\/startseite\/#\/schema\/logo\/image\/","url":"https:\/\/addex.ch\/wp-content\/uploads\/2025\/08\/Addex-Logo-1-scaled.png","contentUrl":"https:\/\/addex.ch\/wp-content\/uploads\/2025\/08\/Addex-Logo-1-scaled.png","width":2560,"height":649,"caption":"Addex AG"},"image":{"@id":"https:\/\/addex.ch\/startseite\/#\/schema\/logo\/image\/"}}]}},"uagb_featured_image_src":{"full":false,"thumbnail":false,"medium":false,"medium_large":false,"large":false,"1536x1536":false,"2048x2048":false},"uagb_author_info":{"display_name":"admin","author_link":"https:\/\/addex.ch\/startseite\/author\/info_s90cum3w\/"},"uagb_comment_info":0,"uagb_excerpt":"Unsere Gesch\u00e4ftsfelder","jetpack_sharing_enabled":true,"_links":{"self":[{"href":"https:\/\/addex.ch\/startseite\/wp-json\/wp\/v2\/pages\/131","targetHints":{"allow":["GET"]}}],"collection":[{"href":"https:\/\/addex.ch\/startseite\/wp-json\/wp\/v2\/pages"}],"about":[{"href":"https:\/\/addex.ch\/startseite\/wp-json\/wp\/v2\/types\/page"}],"author":[{"embeddable":true,"href":"https:\/\/addex.ch\/startseite\/wp-json\/wp\/v2\/users\/1"}],"replies":[{"embeddable":true,"href":"https:\/\/addex.ch\/startseite\/wp-json\/wp\/v2\/comments?post=131"}],"version-history":[{"count":15,"href":"https:\/\/addex.ch\/startseite\/wp-json\/wp\/v2\/pages\/131\/revisions"}],"predecessor-version":[{"id":393,"href":"https:\/\/addex.ch\/startseite\/wp-json\/wp\/v2\/pages\/131\/revisions\/393"}],"wp:attachment":[{"href":"https:\/\/addex.ch\/startseite\/wp-json\/wp\/v2\/media?parent=131"}],"curies":[{"name":"wp","href":"https:\/\/api.w.org\/{rel}","templated":true}]}}