{"id":345,"date":"2025-10-17T06:26:47","date_gmt":"2025-10-17T06:26:47","guid":{"rendered":"https:\/\/dev.addex.ch\/?page_id=345"},"modified":"2025-12-05T09:51:21","modified_gmt":"2025-12-05T09:51:21","slug":"maschinenpark-html","status":"publish","type":"page","link":"https:\/\/addex.ch\/startseite\/maschinenpark-html\/","title":{"rendered":"Maschinenpark"},"content":{"rendered":"\n<h2 class=\"wp-block-heading alignwide is-style-text-display is-style-text-display--1\" style=\"font-style:normal;font-weight:700\">Maschinenpark<\/h2>\n\n\n\n<details class=\"wp-block-details alignwide has-large-font-size is-layout-flow wp-block-details-is-layout-flow\" style=\"font-style:normal;font-weight:700\"><summary>Fr\u00e4sen<\/summary>\n<details class=\"wp-block-details alignwide is-layout-flow wp-block-details-is-layout-flow\" style=\"font-style:normal;font-weight:500\"><summary>Fr\u00e4sen CNC (3-Achsen)<\/summary>\n<p class=\"has-text-align-left\">Mikron VCE 800 Pro, (10&#8217;000U\/min)<\/p>\n\n\n\n<p>Mikron VCP 600, (12&#8217;000U\/min)<\/p>\n\n\n\n<p>Mikron UME 600<\/p>\n<\/details>\n\n\n\n<div style=\"height:40px\" aria-hidden=\"true\" class=\"wp-block-spacer\"><\/div>\n\n\n\n<details class=\"wp-block-details alignwide is-layout-flow wp-block-details-is-layout-flow\" style=\"font-style:normal;font-weight:500\"><summary>Fr\u00e4sen CNC (5-Achsen)<\/summary>\n<p>Fehlmann Versa 645 linear<br>5-Achsen Hochleistungs-Bearbeitungszenter<\/p>\n\n\n\n<ul class=\"wp-block-list\">\n<li>Erowa ERC 30 f\u00fcr ITS50 Paletten<\/li>\n\n\n\n<li>Schleif-Paket mit Elektrospindel 80&#8217;000U\/min zum Koordinatenschleifen<\/li>\n\n\n\n<li>Tischspannsystem Erowa PC210<\/li>\n<\/ul>\n\n\n\n<p>Fehlmann Versa 825<br>5-Achsen Hochleistungs-Bearbeitungszenter<\/p>\n\n\n\n<ul class=\"wp-block-list\">\n<li>Vollautomatisiert mit Erowa Robot Easy 250 Palettenwechsler<\/li>\n\n\n\n<li>Tischspannsystem Erowa UPC<\/li>\n\n\n\n<li>186-fach Regalmagazin HSK 63<\/li>\n<\/ul>\n<\/details>\n\n\n\n<div style=\"height:40px\" aria-hidden=\"true\" class=\"wp-block-spacer\"><\/div>\n\n\n\n<details class=\"wp-block-details alignwide is-layout-flow wp-block-details-is-layout-flow\" style=\"font-style:normal;font-weight:500\"><summary>Fr\u00e4sen CNC (3-Achsen) Elektrodenfr\u00e4sen<\/summary>\n<p>Mikron HSM 300 Graphite Master, 30&#8217;000U\/min<\/p>\n<\/details>\n<\/details>\n\n\n\n<div style=\"height:100px\" aria-hidden=\"true\" class=\"wp-block-spacer\"><\/div>\n\n\n\n<details class=\"wp-block-details alignwide is-layout-flow wp-block-details-is-layout-flow\" style=\"font-style:normal;font-weight:700\"><summary>Drehen<\/summary>\n<details class=\"wp-block-details is-layout-flow wp-block-details-is-layout-flow\" style=\"font-style:normal;font-weight:500\"><summary>Drehen CNC<\/summary>\n<p>Okuma LB 200<\/p>\n<\/details>\n\n\n\n<div style=\"height:40px\" aria-hidden=\"true\" class=\"wp-block-spacer\"><\/div>\n\n\n\n<details class=\"wp-block-details is-layout-flow wp-block-details-is-layout-flow\" style=\"font-style:normal;font-weight:500\"><summary>Drehen konventionell<\/summary>\n<p>Viktor 400<\/p>\n\n\n\n<p>Sch\u00e4ublin 102<\/p>\n<\/details>\n<\/details>\n\n\n\n<div style=\"height:100px\" aria-hidden=\"true\" class=\"wp-block-spacer\"><\/div>\n\n\n\n<details class=\"wp-block-details alignwide is-layout-flow wp-block-details-is-layout-flow\" style=\"font-style:normal;font-weight:700\"><summary>Flachschleifen<\/summary>\n<p style=\"font-style:normal;font-weight:500\">ELB Perfekt DB 10 SPS NK<\/p>\n\n\n\n<p style=\"font-style:normal;font-weight:500\">Jakobsen SJ 1424<\/p>\n\n\n\n<p style=\"font-style:normal;font-weight:500\">Jung F50<\/p>\n<\/details>\n\n\n\n<div style=\"height:100px\" aria-hidden=\"true\" class=\"wp-block-spacer\"><\/div>\n\n\n\n<details class=\"wp-block-details alignwide is-layout-flow wp-block-details-is-layout-flow\" style=\"font-style:normal;font-weight:700\"><summary>Erodieren<\/summary>\n<details class=\"wp-block-details is-layout-flow wp-block-details-is-layout-flow\" style=\"font-style:normal;font-weight:500\"><summary>Startlocherodieren<\/summary>\n<p>GF Machining Solutions Drill E 300<\/p>\n\n\n\n<ul class=\"wp-block-list\">\n<li>Kleinster Rohrdurchmesser 0.3mm<\/li>\n<\/ul>\n<\/details>\n\n\n\n<div style=\"height:40px\" aria-hidden=\"true\" class=\"wp-block-spacer\"><\/div>\n\n\n\n<details class=\"wp-block-details alignwide is-layout-flow wp-block-details-is-layout-flow\" style=\"font-style:normal;font-weight:500\"><summary>Drahterodieren<\/summary>\n<p>GF Agie Charmilles Cut F350<\/p>\n<\/details>\n\n\n\n<div style=\"height:40px\" aria-hidden=\"true\" class=\"wp-block-spacer\"><\/div>\n\n\n\n<details class=\"wp-block-details is-layout-flow wp-block-details-is-layout-flow\" style=\"font-style:normal;font-weight:500\"><summary>Senkerodieren<\/summary>\n<p>GF Agie Charmilles Form X600<\/p>\n\n\n\n<ul class=\"wp-block-list\">\n<li>3R WPT1+ Elektroden- und Palettenwechsler<\/li>\n\n\n\n<li>Tischspannsystem Erowa UPC<\/li>\n<\/ul>\n\n\n\n<p>Agie AT Hyper Spark 3iQ<\/p>\n\n\n\n<p>Agie EMS 1.20<\/p>\n\n\n\n<p>Elektrodenspannsysteme:<br>Erowa, Mecatool<\/p>\n<\/details>\n<\/details>\n\n\n\n<div style=\"height:100px\" aria-hidden=\"true\" class=\"wp-block-spacer\"><\/div>\n\n\n\n<details class=\"wp-block-details alignwide is-layout-flow wp-block-details-is-layout-flow\" style=\"font-style:normal;font-weight:700\"><summary>Nachbearbeitung<\/summary>\n<details class=\"wp-block-details is-layout-flow wp-block-details-is-layout-flow\" style=\"font-style:normal;font-weight:500\"><summary>Glasperlen<\/summary>\n<p>Iepco Peenmatic Micro 750S<\/p>\n<\/details>\n\n\n\n<div style=\"height:40px\" aria-hidden=\"true\" class=\"wp-block-spacer\"><\/div>\n\n\n\n<details class=\"wp-block-details is-layout-flow wp-block-details-is-layout-flow\" style=\"font-style:normal;font-weight:500\"><summary>Sandstrahlen<\/summary>\n<p>Keil<\/p>\n<\/details>\n\n\n\n<div style=\"height:40px\" aria-hidden=\"true\" class=\"wp-block-spacer\"><\/div>\n\n\n\n<details class=\"wp-block-details is-layout-flow wp-block-details-is-layout-flow\" style=\"font-style:normal;font-weight:500\"><summary>Polieren<\/summary>\n<p>Meusburger (Ultraschall)<\/p>\n\n\n\n<p>Joke<\/p>\n\n\n\n<p>Diprofil<\/p>\n\n\n\n<p>Diverse manuelle Polierger\u00e4te<\/p>\n<\/details>\n\n\n\n<div style=\"height:40px\" aria-hidden=\"true\" class=\"wp-block-spacer\"><\/div>\n\n\n\n<details class=\"wp-block-details is-layout-flow wp-block-details-is-layout-flow\" style=\"font-style:normal;font-weight:500\"><summary>Diverses<\/summary>\n<p>Ultraschallreinigungsger\u00e4te<\/p>\n<\/details>\n<\/details>\n\n\n\n<div style=\"height:100px\" aria-hidden=\"true\" class=\"wp-block-spacer\"><\/div>\n\n\n\n<details class=\"wp-block-details alignwide is-layout-flow wp-block-details-is-layout-flow\" style=\"font-style:normal;font-weight:700\"><summary>Messen<\/summary>\n<p style=\"font-style:normal;font-weight:500\">ZEISS Contura 3-D CNC<br>Koordinatenmessger\u00e4t in Portalbauweise<\/p>\n\n\n\n<p style=\"font-style:normal;font-weight:500\">Messvolumen:<br>X=700mm, Y=1&#8217;000mm, Z=600mm<\/p>\n\n\n\n<p style=\"font-style:normal;font-weight:500\">Trimos V9<br>Vertical-H\u00f6henmessger\u00e4t mit elektronischem Taster f\u00fcr Rechtwinkligkeitsmessung<\/p>\n\n\n\n<p style=\"font-style:normal;font-weight:500\">Trimos V7<br>Vertical-H\u00f6henmessger\u00e4t<\/p>\n\n\n\n<p style=\"font-style:normal;font-weight:500\">Innotool<br>Profilprojektor<\/p>\n<\/details>\n\n\n\n<div style=\"height:100px\" aria-hidden=\"true\" class=\"wp-block-spacer\"><\/div>\n\n\n\n<details class=\"wp-block-details alignwide is-layout-flow wp-block-details-is-layout-flow\" style=\"font-style:normal;font-weight:700\"><summary>Produktion<\/summary>\n<details class=\"wp-block-details is-layout-flow wp-block-details-is-layout-flow\" style=\"font-style:normal;font-weight:500\"><summary>Spritzguss<\/summary>\n<p>Netstal Elion 1200-530<\/p>\n\n\n\n<p>Engel ES 150<\/p>\n<\/details>\n\n\n\n<div style=\"height:40px\" aria-hidden=\"true\" class=\"wp-block-spacer\"><\/div>\n\n\n\n<details class=\"wp-block-details is-layout-flow wp-block-details-is-layout-flow\" style=\"font-style:normal;font-weight:500\"><summary>Duroplastpresse<\/summary>\n<p>Bucher KHB 100<\/p>\n<\/details>\n<\/details>\n\n\n\n<div style=\"height:100px\" aria-hidden=\"true\" class=\"wp-block-spacer\"><\/div>\n\n\n\n<details class=\"wp-block-details alignwide is-layout-flow wp-block-details-is-layout-flow\" style=\"font-style:normal;font-weight:700\"><summary>Konstruktion CAD\/CAM<\/summary>\n<p style=\"font-style:normal;font-weight:500\">Visi CAD Modeling 3D<\/p>\n\n\n\n<p style=\"font-style:normal;font-weight:500\">Visi CAM Machining 3D<\/p>\n\n\n\n<p style=\"font-style:normal;font-weight:500\">Visi CAM PEPS Wire<\/p>\n\n\n\n<p style=\"font-style:normal;font-weight:500\">Ashlar Vellum Cobalt 3D-CAD<\/p>\n\n\n\n<p style=\"font-style:normal;font-weight:500\">Ashlar Vellum Graphite 2D-CAD<\/p>\n\n\n\n<div style=\"height:40px\" aria-hidden=\"true\" class=\"wp-block-spacer\"><\/div>\n\n\n\n<details class=\"wp-block-details is-layout-flow wp-block-details-is-layout-flow\" style=\"font-style:normal;font-weight:500\"><summary>Schnittstellen<\/summary>\n<p>dxf\/dwg<\/p>\n\n\n\n<p>iges<\/p>\n\n\n\n<p>step, parasolid<\/p>\n<\/details>\n\n\n\n<div style=\"height:40px\" aria-hidden=\"true\" class=\"wp-block-spacer\"><\/div>\n\n\n\n<details class=\"wp-block-details is-layout-flow wp-block-details-is-layout-flow\" style=\"font-style:normal;font-weight:500\"><summary>Prototyping\/3-D Druck<\/summary>\n<p>Bambu Lab X1 Carbon<\/p>\n<\/details>\n<\/details>\n\n\n\n<div style=\"height:100px\" aria-hidden=\"true\" class=\"wp-block-spacer\"><\/div>\n\n\n\n<details class=\"wp-block-details alignwide is-layout-flow wp-block-details-is-layout-flow\" style=\"font-style:normal;font-weight:700\"><summary>Beschriftung<\/summary>\n<p style=\"font-style:normal;font-weight:500\">Foba<br>Laserbeschriftungsmaschine M2000P<\/p>\n\n\n\n<p style=\"font-style:normal;font-weight:500\">Assistent<br>Elektrolyt-Beschriftungssystem f\u00fcr grosse Bauteile<\/p>\n<\/details>\n","protected":false},"excerpt":{"rendered":"<p>Maschinenpark<\/p>\n","protected":false},"author":1,"featured_media":0,"parent":0,"menu_order":0,"comment_status":"closed","ping_status":"closed","template":"","meta":{"_uag_custom_page_level_css":"","footnotes":""},"class_list":["post-345","page","type-page","status-publish","hentry"],"yoast_head":"<!-- This site is optimized with the Yoast SEO plugin v27.4 - https:\/\/yoast.com\/product\/yoast-seo-wordpress\/ -->\n<title>Maschinenpark - Addex AG<\/title>\n<meta name=\"description\" content=\"Schauen Sie sich den Maschinenpark der Addex AG an.\" \/>\n<meta name=\"robots\" content=\"index, follow, max-snippet:-1, max-image-preview:large, max-video-preview:-1\" \/>\n<link rel=\"canonical\" href=\"https:\/\/addex.ch\/startseite\/maschinenpark-html\/\" \/>\n<meta property=\"og:locale\" content=\"de_DE\" \/>\n<meta property=\"og:type\" content=\"article\" \/>\n<meta property=\"og:title\" content=\"Maschinenpark - Addex AG\" \/>\n<meta property=\"og:description\" content=\"Schauen Sie sich den Maschinenpark der Addex AG an.\" \/>\n<meta property=\"og:url\" content=\"https:\/\/addex.ch\/startseite\/maschinenpark-html\/\" \/>\n<meta property=\"og:site_name\" content=\"Addex AG\" \/>\n<meta property=\"article:modified_time\" content=\"2025-12-05T09:51:21+00:00\" \/>\n<meta name=\"twitter:card\" content=\"summary_large_image\" \/>\n<meta name=\"twitter:label1\" content=\"Gesch\u00e4tzte Lesezeit\" \/>\n\t<meta name=\"twitter:data1\" content=\"2\u00a0Minuten\" \/>\n<script type=\"application\/ld+json\" class=\"yoast-schema-graph\">{\"@context\":\"https:\\\/\\\/schema.org\",\"@graph\":[{\"@type\":\"WebPage\",\"@id\":\"https:\\\/\\\/addex.ch\\\/startseite\\\/maschinenpark-html\\\/\",\"url\":\"https:\\\/\\\/addex.ch\\\/startseite\\\/maschinenpark-html\\\/\",\"name\":\"Maschinenpark - Addex AG\",\"isPartOf\":{\"@id\":\"https:\\\/\\\/addex.ch\\\/startseite\\\/#website\"},\"datePublished\":\"2025-10-17T06:26:47+00:00\",\"dateModified\":\"2025-12-05T09:51:21+00:00\",\"description\":\"Schauen Sie sich den Maschinenpark der Addex AG an.\",\"breadcrumb\":{\"@id\":\"https:\\\/\\\/addex.ch\\\/startseite\\\/maschinenpark-html\\\/#breadcrumb\"},\"inLanguage\":\"de\",\"potentialAction\":[{\"@type\":\"ReadAction\",\"target\":[\"https:\\\/\\\/addex.ch\\\/startseite\\\/maschinenpark-html\\\/\"]}]},{\"@type\":\"BreadcrumbList\",\"@id\":\"https:\\\/\\\/addex.ch\\\/startseite\\\/maschinenpark-html\\\/#breadcrumb\",\"itemListElement\":[{\"@type\":\"ListItem\",\"position\":1,\"name\":\"Startseite\",\"item\":\"https:\\\/\\\/addex.ch\\\/startseite\\\/\"},{\"@type\":\"ListItem\",\"position\":2,\"name\":\"Maschinenpark\"}]},{\"@type\":\"WebSite\",\"@id\":\"https:\\\/\\\/addex.ch\\\/startseite\\\/#website\",\"url\":\"https:\\\/\\\/addex.ch\\\/startseite\\\/\",\"name\":\"Addex AG\",\"description\":\"better solutions by cooperation\",\"publisher\":{\"@id\":\"https:\\\/\\\/addex.ch\\\/startseite\\\/#organization\"},\"potentialAction\":[{\"@type\":\"SearchAction\",\"target\":{\"@type\":\"EntryPoint\",\"urlTemplate\":\"https:\\\/\\\/addex.ch\\\/startseite\\\/?s={search_term_string}\"},\"query-input\":{\"@type\":\"PropertyValueSpecification\",\"valueRequired\":true,\"valueName\":\"search_term_string\"}}],\"inLanguage\":\"de\"},{\"@type\":\"Organization\",\"@id\":\"https:\\\/\\\/addex.ch\\\/startseite\\\/#organization\",\"name\":\"Addex AG\",\"url\":\"https:\\\/\\\/addex.ch\\\/startseite\\\/\",\"logo\":{\"@type\":\"ImageObject\",\"inLanguage\":\"de\",\"@id\":\"https:\\\/\\\/addex.ch\\\/startseite\\\/#\\\/schema\\\/logo\\\/image\\\/\",\"url\":\"https:\\\/\\\/addex.ch\\\/wp-content\\\/uploads\\\/2025\\\/08\\\/Addex-Logo-1-scaled.png\",\"contentUrl\":\"https:\\\/\\\/addex.ch\\\/wp-content\\\/uploads\\\/2025\\\/08\\\/Addex-Logo-1-scaled.png\",\"width\":2560,\"height\":649,\"caption\":\"Addex AG\"},\"image\":{\"@id\":\"https:\\\/\\\/addex.ch\\\/startseite\\\/#\\\/schema\\\/logo\\\/image\\\/\"}}]}<\/script>\n<!-- \/ Yoast SEO plugin. -->","yoast_head_json":{"title":"Maschinenpark - Addex AG","description":"Schauen Sie sich den Maschinenpark der Addex AG an.","robots":{"index":"index","follow":"follow","max-snippet":"max-snippet:-1","max-image-preview":"max-image-preview:large","max-video-preview":"max-video-preview:-1"},"canonical":"https:\/\/addex.ch\/startseite\/maschinenpark-html\/","og_locale":"de_DE","og_type":"article","og_title":"Maschinenpark - Addex AG","og_description":"Schauen Sie sich den Maschinenpark der Addex AG an.","og_url":"https:\/\/addex.ch\/startseite\/maschinenpark-html\/","og_site_name":"Addex AG","article_modified_time":"2025-12-05T09:51:21+00:00","twitter_card":"summary_large_image","twitter_misc":{"Gesch\u00e4tzte Lesezeit":"2\u00a0Minuten"},"schema":{"@context":"https:\/\/schema.org","@graph":[{"@type":"WebPage","@id":"https:\/\/addex.ch\/startseite\/maschinenpark-html\/","url":"https:\/\/addex.ch\/startseite\/maschinenpark-html\/","name":"Maschinenpark - Addex AG","isPartOf":{"@id":"https:\/\/addex.ch\/startseite\/#website"},"datePublished":"2025-10-17T06:26:47+00:00","dateModified":"2025-12-05T09:51:21+00:00","description":"Schauen Sie sich den Maschinenpark der Addex AG an.","breadcrumb":{"@id":"https:\/\/addex.ch\/startseite\/maschinenpark-html\/#breadcrumb"},"inLanguage":"de","potentialAction":[{"@type":"ReadAction","target":["https:\/\/addex.ch\/startseite\/maschinenpark-html\/"]}]},{"@type":"BreadcrumbList","@id":"https:\/\/addex.ch\/startseite\/maschinenpark-html\/#breadcrumb","itemListElement":[{"@type":"ListItem","position":1,"name":"Startseite","item":"https:\/\/addex.ch\/startseite\/"},{"@type":"ListItem","position":2,"name":"Maschinenpark"}]},{"@type":"WebSite","@id":"https:\/\/addex.ch\/startseite\/#website","url":"https:\/\/addex.ch\/startseite\/","name":"Addex AG","description":"better solutions by cooperation","publisher":{"@id":"https:\/\/addex.ch\/startseite\/#organization"},"potentialAction":[{"@type":"SearchAction","target":{"@type":"EntryPoint","urlTemplate":"https:\/\/addex.ch\/startseite\/?s={search_term_string}"},"query-input":{"@type":"PropertyValueSpecification","valueRequired":true,"valueName":"search_term_string"}}],"inLanguage":"de"},{"@type":"Organization","@id":"https:\/\/addex.ch\/startseite\/#organization","name":"Addex AG","url":"https:\/\/addex.ch\/startseite\/","logo":{"@type":"ImageObject","inLanguage":"de","@id":"https:\/\/addex.ch\/startseite\/#\/schema\/logo\/image\/","url":"https:\/\/addex.ch\/wp-content\/uploads\/2025\/08\/Addex-Logo-1-scaled.png","contentUrl":"https:\/\/addex.ch\/wp-content\/uploads\/2025\/08\/Addex-Logo-1-scaled.png","width":2560,"height":649,"caption":"Addex AG"},"image":{"@id":"https:\/\/addex.ch\/startseite\/#\/schema\/logo\/image\/"}}]}},"uagb_featured_image_src":{"full":false,"thumbnail":false,"medium":false,"medium_large":false,"large":false,"1536x1536":false,"2048x2048":false},"uagb_author_info":{"display_name":"admin","author_link":"https:\/\/addex.ch\/startseite\/author\/info_s90cum3w\/"},"uagb_comment_info":0,"uagb_excerpt":"Maschinenpark","jetpack_sharing_enabled":true,"_links":{"self":[{"href":"https:\/\/addex.ch\/startseite\/wp-json\/wp\/v2\/pages\/345","targetHints":{"allow":["GET"]}}],"collection":[{"href":"https:\/\/addex.ch\/startseite\/wp-json\/wp\/v2\/pages"}],"about":[{"href":"https:\/\/addex.ch\/startseite\/wp-json\/wp\/v2\/types\/page"}],"author":[{"embeddable":true,"href":"https:\/\/addex.ch\/startseite\/wp-json\/wp\/v2\/users\/1"}],"replies":[{"embeddable":true,"href":"https:\/\/addex.ch\/startseite\/wp-json\/wp\/v2\/comments?post=345"}],"version-history":[{"count":16,"href":"https:\/\/addex.ch\/startseite\/wp-json\/wp\/v2\/pages\/345\/revisions"}],"predecessor-version":[{"id":377,"href":"https:\/\/addex.ch\/startseite\/wp-json\/wp\/v2\/pages\/345\/revisions\/377"}],"wp:attachment":[{"href":"https:\/\/addex.ch\/startseite\/wp-json\/wp\/v2\/media?parent=345"}],"curies":[{"name":"wp","href":"https:\/\/api.w.org\/{rel}","templated":true}]}}