{"id":399,"date":"2025-10-24T07:57:37","date_gmt":"2025-10-24T07:57:37","guid":{"rendered":"https:\/\/dev.addex.ch\/?page_id=399"},"modified":"2025-12-05T09:50:58","modified_gmt":"2025-12-05T09:50:58","slug":"agb","status":"publish","type":"page","link":"https:\/\/addex.ch\/startseite\/agb\/","title":{"rendered":"Allgemeine Gesch\u00e4ftsbedingungen"},"content":{"rendered":"<h2 class=\"wp-block-post-title\">Allgemeine Gesch\u00e4ftsbedingungen<\/h2>\n\n\n<ol class=\"wp-block-list is-style-default has-small-font-size\">\n<li><strong>Offerte:<\/strong> <br>S\u00e4mtliche Angaben und Preise bleiben bis zur Auftragserteilung unverbindlich.<\/li>\n\n\n\n<li><strong>Preise:<\/strong> <br>Ohne anderslautende Angaben verstehen sich die Preise in Schweizer Franken, exklusive Lieferkosten, Versicherung und<br>Verpackungskosten. Preisangaben sind immer exklusive der gesetzlichen Mehrwertsteuer Preis\u00e4nderungen, insbesondere<br>gegen\u00fcber Prospekten und Katalogen, bleiben vorbehalten. Nicht vorhersehbare Erh\u00f6hungen von Werkspreisen, Steuern, Z\u00f6llen<br>oder anderen gesetzlichen Abgaben, Transportkosten, Versicherungspr\u00e4mien gehen zu Lasten des Bestellers.<\/li>\n\n\n\n<li><strong>Schriftform:<\/strong> <br>Alle diesen Bedingungen widersprechenden Abmachungen sind nur g\u00fcltig, wenn diese von der Addex AG schriftlich<br>best\u00e4tigt sind.<\/li>\n\n\n\n<li><strong>Lieferung\/Lieferfrist: <\/strong><br>Die Lieferfrist beginnt mit Vertragsabschluss, fr\u00fchestens jedoch nach Eingang aller von Addex AG ben\u00f6tigten Angaben und Unterlagen. Sie gilt unter Vorbehalt unvorhergesehener Hindernisse, insbesondere h\u00f6herer Gewalt sowie Lieferverzug oder Nichtlieferung seitens eines Lieferanten. Diese Hindernisse entbinden Addex AG von der Einhaltung der Lieferfrist,<br>ohne dass dem K\u00e4ufer das Recht zusteht, aufgrund der Lieferverz\u00f6gerung vom Vertrag zur\u00fcckzutreten oder Schadenersatzanspr\u00fcche zu stellen.<\/li>\n\n\n\n<li><strong>Zahlung: <\/strong><br>Die Zahlung hat innerhalb von 30 Tagen ab Rechnungsdatum ohne jeden Abzug zu erfolgen. Bei Zahlungsverzug bleibt<br>die Berechnung von Verzugszinsen vorbehalten. Dieselben Bedingungen gelten auch bei Teilzahlungen eines Projekts. Bei einem<br>Auftragsumfang \u00fcber CHF 20&#8217;000.\u2014gilt 1\/3 Anzahlung bei Bestellung, 1\/3 bei Auslieferung und 1\/3 nach Inbetriebnahme.<br>Anderslautende Zahlungsmodalit\u00e4ten m\u00fcssen von addex AG schriftlich best\u00e4tigt werden.<\/li>\n\n\n\n<li><strong>Transport: <\/strong><br>Der Transport erfolgt immer auf Gefahr des Bestellers, Transportsch\u00e4den sind dem Lieferanten und dem Spediteur<br>innert 2 Tagen nach Erhalt der Ware schriftlich zu melden.<\/li>\n\n\n\n<li><strong>Eigentumsvorbehalt:<\/strong> <br>Bis zur vollst\u00e4ndigen Bezahlung bleibt die Ware Eigentum der Addex AG. Der Besteller erm\u00e4chtigt Addex AG auf seine Kosten die Eintragung des Eigentumsvorbehalts im Register vorzunehmen.<\/li>\n\n\n\n<li><strong>Garantie:<\/strong> <br>Die Garantie betr\u00e4gt 12 Monate ab Auslieferungsdatum. Als Lieferungsdatum gilt das auf dem Abnahmeprotokoll erw\u00e4hnte Datum. Die Garantie wird auf alle Teile geleistet, welche nicht als Verschleissteile gelten. Von der Garantie<br>ausgeschlossen sind alle Sch\u00e4den, die nicht nachweisbar infolge schlechten Materials, fehlerhafter Konstruktion oder mangelhafter Ausf\u00fchrung entstanden sind. so z.B. Sch\u00e4den infolge nat\u00fcrlicher Abn\u00fctzung, mangelhafter Wartung, Missachtung von Betriebsvorschriften, \u00fcberm\u00e4ssiger Beanspruchung, Ben\u00fctzung ungeeigneter Betriebsmittel, nicht vom Hersteller ausgef\u00fchrten Bau und Montagearbeiten, sowie infolge anderer Gr\u00fcnde, die der Benutzer zu vertreten hat. Ausserdem gelten folgende<br>Bedingungen:<br>Mechanische und elektrische Komponenten sowie Zylinder, Ventile und s\u00e4mtliche hydraulischen Komponenten d\u00fcrfen bei einem Defekt weder demontiert noch ohne in Absprache mit dem Hersteller repariert werden.<br>Bei Garantieanspr\u00fcchen werden nur die entsprechenden defekten Teile ersetzt. S\u00e4mtlicher Arbeitsaufwand wird dem Anspruchssteller verrechnet. Von der Garantie ausgeschlossen sind s\u00e4mtliche Dienstleistungen, Konstruktionen, Spritzgusswerkzeuge, Presswerkzeuge sowie Vorrichtungen und Lehren.<br>Ausdr\u00fccklich ausgeschlossen sind Schadenersatzanspr\u00fcche f\u00fcr direkte und indirekte Folgesch\u00e4den. Bei Nichteinhaltung dieser Bestimmungen erl\u00f6schen s\u00e4mtliche Garantieanspr\u00fcche.<\/li>\n\n\n\n<li><strong>M\u00e4ngelr\u00fcge: <\/strong><br>Allf\u00e4llige M\u00e4ngel sind innert 5 Tagen seit Empfang der Lieferung beim Lieferanten schriftlich zu r\u00fcgen.<\/li>\n\n\n\n<li><strong>Informationen\/Urheberrecht: <\/strong><br>S\u00e4mtliche nachtr\u00e4glich aufgef\u00fchrten Informationen bleiben alleiniges Eigentum der Addex AG. Sie werden dem Besteller nur leihweise \u00fcberlassen. Mit der Erteilung der Informationen ist in keiner Art und Weise eine ausdr\u00fcckliche oder stillschweigende Lizenz oder ein Recht zur Benutzung von Patenten, Mustern oder Modellen an den Besteller erteilt.<br>Die Addex AG beh\u00e4lt sich alle Eigentums- und Immaterialg\u00fcterrechte in Bezug auf die Informationen und die Unterlagen und die<br>darin dargestellten Produkte und deren Teile sowie die darin enthaltenen Angaben im In- und Ausland auch f\u00fcr den Fall der Patenterteilung vor.<br>Unter dem Begriff \u201eInformationen\u201c sind s\u00e4mtliche aufgef\u00fchrten Informationstr\u00e4ger wie m\u00fcndliche Informationen, Muster oder<br>Modelle, Prototypen und Werkzeuge, schriftliche Unterlagen wie Zeichnungen, Beschreibungen, Spezifikationen, Computerausz\u00fcge zu verstehen. Die Reproduktion ist selbst f\u00fcr den internen Gebrauch nur zul\u00e4ssig, wenn die vorherige schriftliche Zustimmung der Addex AG vorliegt.<br>Die aufgef\u00fchrten Informationen d\u00fcrfen Dritten nicht zug\u00e4nglich gemacht werden. Bei Verletzung dieser Vereinbarung verpflichtet sich der Besteller zur Zahlung einer Konventionalstrafe von CHF 250\u2018000.&#8211; pro Fall. Die Zahlung entbindet den Besteller nicht von der Pflicht, die vorliegende Vereinbarung weiter einzuhalten. Die  Addex AG kann neben der Zahlung der Konventionalstrafe die Beseitigung des vertragswidrigen Zustandes verlangen sowie den Ersatz des weiteren Schadens.<\/li>\n\n\n\n<li><strong>Wettbewerbsrecht:<\/strong> <br>Die unter Ziffer 10 aufgef\u00fchrten Informationen werden dem Besteller im Sinne der Vorschriften des<br>Bundesgesetzes gegen den unlauteren Wettbewerb anvertraut. Der Besteller darf die Informationen nur zu dem im vorliegenden<br>Auftrag bestimmten Zwecke verwenden. Es ist dem Besteller ausdr\u00fccklich untersagt, die Informationen zu benutzen, um die<br>betreffenden Produkte f\u00fcr sich oder f\u00fcr Dritte herzustellen oder herstellen zu lassen.<\/li>\n\n\n\n<li><strong>Allgemeines:<\/strong> <br>S\u00e4mtliche zur Ausf\u00fchrung eines Auftrags ben\u00f6tigten Anfertigungen wie Vorrichtungen, Lehren, Elektroden, spezielle<br>Montagehilfen, Pr\u00fcfvorrichtungen bleiben als Eigentum der addex AG in dessen Besitz.<\/li>\n\n\n\n<li><strong>Gerichtsstand und anwendbares Recht:<\/strong><br>Es gilt ausschliesslich schweizerisches Recht. Als Gerichtsstand sind ausschliesslich die ordentlichen Gerichte am Sitz der addex AG<br>zust\u00e4ndig.<br>Diese Vereinbarung tritt mit der Bestellung in Kraft und ist unabdingbar.<br>L\u00fctzelfl\u00fch, 01.Januar 2002, addex AG, Emmestrasse 1,<br>Die Gesch\u00e4ftsleitung<\/li>\n<\/ol>\n","protected":false},"excerpt":{"rendered":"","protected":false},"author":1,"featured_media":0,"parent":0,"menu_order":0,"comment_status":"closed","ping_status":"closed","template":"","meta":{"_uag_custom_page_level_css":"","footnotes":""},"class_list":["post-399","page","type-page","status-publish","hentry"],"yoast_head":"<!-- This site is optimized with the Yoast SEO plugin v27.4 - https:\/\/yoast.com\/product\/yoast-seo-wordpress\/ -->\n<title>Allgemeine Gesch\u00e4ftsbedingungen - Addex AG<\/title>\n<meta name=\"robots\" content=\"index, follow, max-snippet:-1, max-image-preview:large, max-video-preview:-1\" \/>\n<link rel=\"canonical\" href=\"https:\/\/addex.ch\/startseite\/agb\/\" \/>\n<meta property=\"og:locale\" content=\"de_DE\" \/>\n<meta property=\"og:type\" content=\"article\" \/>\n<meta property=\"og:title\" content=\"Allgemeine Gesch\u00e4ftsbedingungen - Addex AG\" \/>\n<meta property=\"og:url\" content=\"https:\/\/addex.ch\/startseite\/agb\/\" \/>\n<meta property=\"og:site_name\" content=\"Addex AG\" \/>\n<meta property=\"article:modified_time\" content=\"2025-12-05T09:50:58+00:00\" \/>\n<meta name=\"twitter:card\" content=\"summary_large_image\" \/>\n<script type=\"application\/ld+json\" class=\"yoast-schema-graph\">{\"@context\":\"https:\\\/\\\/schema.org\",\"@graph\":[{\"@type\":\"WebPage\",\"@id\":\"https:\\\/\\\/addex.ch\\\/startseite\\\/agb\\\/\",\"url\":\"https:\\\/\\\/addex.ch\\\/startseite\\\/agb\\\/\",\"name\":\"Allgemeine Gesch\u00e4ftsbedingungen - Addex AG\",\"isPartOf\":{\"@id\":\"https:\\\/\\\/addex.ch\\\/startseite\\\/#website\"},\"datePublished\":\"2025-10-24T07:57:37+00:00\",\"dateModified\":\"2025-12-05T09:50:58+00:00\",\"breadcrumb\":{\"@id\":\"https:\\\/\\\/addex.ch\\\/startseite\\\/agb\\\/#breadcrumb\"},\"inLanguage\":\"de\",\"potentialAction\":[{\"@type\":\"ReadAction\",\"target\":[\"https:\\\/\\\/addex.ch\\\/startseite\\\/agb\\\/\"]}]},{\"@type\":\"BreadcrumbList\",\"@id\":\"https:\\\/\\\/addex.ch\\\/startseite\\\/agb\\\/#breadcrumb\",\"itemListElement\":[{\"@type\":\"ListItem\",\"position\":1,\"name\":\"Startseite\",\"item\":\"https:\\\/\\\/addex.ch\\\/startseite\\\/\"},{\"@type\":\"ListItem\",\"position\":2,\"name\":\"Allgemeine Gesch\u00e4ftsbedingungen\"}]},{\"@type\":\"WebSite\",\"@id\":\"https:\\\/\\\/addex.ch\\\/startseite\\\/#website\",\"url\":\"https:\\\/\\\/addex.ch\\\/startseite\\\/\",\"name\":\"Addex AG\",\"description\":\"better solutions by cooperation\",\"publisher\":{\"@id\":\"https:\\\/\\\/addex.ch\\\/startseite\\\/#organization\"},\"potentialAction\":[{\"@type\":\"SearchAction\",\"target\":{\"@type\":\"EntryPoint\",\"urlTemplate\":\"https:\\\/\\\/addex.ch\\\/startseite\\\/?s={search_term_string}\"},\"query-input\":{\"@type\":\"PropertyValueSpecification\",\"valueRequired\":true,\"valueName\":\"search_term_string\"}}],\"inLanguage\":\"de\"},{\"@type\":\"Organization\",\"@id\":\"https:\\\/\\\/addex.ch\\\/startseite\\\/#organization\",\"name\":\"Addex AG\",\"url\":\"https:\\\/\\\/addex.ch\\\/startseite\\\/\",\"logo\":{\"@type\":\"ImageObject\",\"inLanguage\":\"de\",\"@id\":\"https:\\\/\\\/addex.ch\\\/startseite\\\/#\\\/schema\\\/logo\\\/image\\\/\",\"url\":\"https:\\\/\\\/addex.ch\\\/wp-content\\\/uploads\\\/2025\\\/08\\\/Addex-Logo-1-scaled.png\",\"contentUrl\":\"https:\\\/\\\/addex.ch\\\/wp-content\\\/uploads\\\/2025\\\/08\\\/Addex-Logo-1-scaled.png\",\"width\":2560,\"height\":649,\"caption\":\"Addex AG\"},\"image\":{\"@id\":\"https:\\\/\\\/addex.ch\\\/startseite\\\/#\\\/schema\\\/logo\\\/image\\\/\"}}]}<\/script>\n<!-- \/ Yoast SEO plugin. -->","yoast_head_json":{"title":"Allgemeine Gesch\u00e4ftsbedingungen - Addex AG","robots":{"index":"index","follow":"follow","max-snippet":"max-snippet:-1","max-image-preview":"max-image-preview:large","max-video-preview":"max-video-preview:-1"},"canonical":"https:\/\/addex.ch\/startseite\/agb\/","og_locale":"de_DE","og_type":"article","og_title":"Allgemeine Gesch\u00e4ftsbedingungen - Addex AG","og_url":"https:\/\/addex.ch\/startseite\/agb\/","og_site_name":"Addex AG","article_modified_time":"2025-12-05T09:50:58+00:00","twitter_card":"summary_large_image","schema":{"@context":"https:\/\/schema.org","@graph":[{"@type":"WebPage","@id":"https:\/\/addex.ch\/startseite\/agb\/","url":"https:\/\/addex.ch\/startseite\/agb\/","name":"Allgemeine Gesch\u00e4ftsbedingungen - Addex AG","isPartOf":{"@id":"https:\/\/addex.ch\/startseite\/#website"},"datePublished":"2025-10-24T07:57:37+00:00","dateModified":"2025-12-05T09:50:58+00:00","breadcrumb":{"@id":"https:\/\/addex.ch\/startseite\/agb\/#breadcrumb"},"inLanguage":"de","potentialAction":[{"@type":"ReadAction","target":["https:\/\/addex.ch\/startseite\/agb\/"]}]},{"@type":"BreadcrumbList","@id":"https:\/\/addex.ch\/startseite\/agb\/#breadcrumb","itemListElement":[{"@type":"ListItem","position":1,"name":"Startseite","item":"https:\/\/addex.ch\/startseite\/"},{"@type":"ListItem","position":2,"name":"Allgemeine Gesch\u00e4ftsbedingungen"}]},{"@type":"WebSite","@id":"https:\/\/addex.ch\/startseite\/#website","url":"https:\/\/addex.ch\/startseite\/","name":"Addex AG","description":"better solutions by cooperation","publisher":{"@id":"https:\/\/addex.ch\/startseite\/#organization"},"potentialAction":[{"@type":"SearchAction","target":{"@type":"EntryPoint","urlTemplate":"https:\/\/addex.ch\/startseite\/?s={search_term_string}"},"query-input":{"@type":"PropertyValueSpecification","valueRequired":true,"valueName":"search_term_string"}}],"inLanguage":"de"},{"@type":"Organization","@id":"https:\/\/addex.ch\/startseite\/#organization","name":"Addex AG","url":"https:\/\/addex.ch\/startseite\/","logo":{"@type":"ImageObject","inLanguage":"de","@id":"https:\/\/addex.ch\/startseite\/#\/schema\/logo\/image\/","url":"https:\/\/addex.ch\/wp-content\/uploads\/2025\/08\/Addex-Logo-1-scaled.png","contentUrl":"https:\/\/addex.ch\/wp-content\/uploads\/2025\/08\/Addex-Logo-1-scaled.png","width":2560,"height":649,"caption":"Addex AG"},"image":{"@id":"https:\/\/addex.ch\/startseite\/#\/schema\/logo\/image\/"}}]}},"uagb_featured_image_src":{"full":false,"thumbnail":false,"medium":false,"medium_large":false,"large":false,"1536x1536":false,"2048x2048":false},"uagb_author_info":{"display_name":"admin","author_link":"https:\/\/addex.ch\/startseite\/author\/info_s90cum3w\/"},"uagb_comment_info":0,"uagb_excerpt":null,"jetpack_sharing_enabled":true,"_links":{"self":[{"href":"https:\/\/addex.ch\/startseite\/wp-json\/wp\/v2\/pages\/399","targetHints":{"allow":["GET"]}}],"collection":[{"href":"https:\/\/addex.ch\/startseite\/wp-json\/wp\/v2\/pages"}],"about":[{"href":"https:\/\/addex.ch\/startseite\/wp-json\/wp\/v2\/types\/page"}],"author":[{"embeddable":true,"href":"https:\/\/addex.ch\/startseite\/wp-json\/wp\/v2\/users\/1"}],"replies":[{"embeddable":true,"href":"https:\/\/addex.ch\/startseite\/wp-json\/wp\/v2\/comments?post=399"}],"version-history":[{"count":1,"href":"https:\/\/addex.ch\/startseite\/wp-json\/wp\/v2\/pages\/399\/revisions"}],"predecessor-version":[{"id":400,"href":"https:\/\/addex.ch\/startseite\/wp-json\/wp\/v2\/pages\/399\/revisions\/400"}],"wp:attachment":[{"href":"https:\/\/addex.ch\/startseite\/wp-json\/wp\/v2\/media?parent=399"}],"curies":[{"name":"wp","href":"https:\/\/api.w.org\/{rel}","templated":true}]}}