{"id":84,"date":"2025-08-19T15:00:29","date_gmt":"2025-08-19T15:00:29","guid":{"rendered":"https:\/\/dev.addex.ch\/?page_id=84"},"modified":"2025-12-05T13:11:38","modified_gmt":"2025-12-05T13:11:38","slug":"startseite","status":"publish","type":"page","link":"https:\/\/addex.ch\/startseite\/","title":{"rendered":"Startseite"},"content":{"rendered":"\n<h2 class=\"wp-block-heading has-custom-color-1-color has-text-color\" style=\"border-style:none;border-width:0px;padding-top:0;padding-bottom:0;font-size:clamp(24.034px, 1.502rem + ((1vw - 3.2px) * 1.565), 40px);\"><strong>Herzlich Willkommen bei der Addex AG<\/strong><\/h2>\n\n\n\n<div class=\"wp-block-cover alignfull has-parallax has-small-font-size\"><div class=\"wp-block-cover__image-background wp-image-123 size-full has-parallax\" style=\"background-position:50% 50%;background-image:url(http:\/\/addex.ch\/wp-content\/uploads\/2025\/08\/addex-5736_7_5-scaled.jpg)\"><\/div><span aria-hidden=\"true\" class=\"wp-block-cover__background has-accent-4-background-color has-background-dim-70 has-background-dim\"><\/span><div class=\"wp-block-cover__inner-container has-global-padding is-layout-constrained wp-block-cover-is-layout-constrained\">\n<div style=\"height:100px\" aria-hidden=\"true\" class=\"wp-block-spacer\"><\/div>\n\n\n\n<p class=\"has-text-align-left has-base-color has-text-color\" style=\"font-size:clamp(14px, 0.875rem + ((1vw - 3.2px) * 0.588), 20px);\">Als kompetenter Partner in der Kunststofftechnik bieten wir unseren Kunden qualitativ hochstehende L\u00f6sungen im\u00a0<a href=\"https:\/\/addex.ch\/www.addex.ch\/Spritzgussformenbau.html\"><strong>Spritzguss<\/strong><\/a><strong>&#8211;\u00a0<\/strong>und\u00a0<a href=\"https:\/\/addex.ch\/www.addex.ch\/Pressformenbau.html\"><strong>Presswerkzeugbau<\/strong><\/a>\u00a0sowie der Herstellung von\u00a0<a href=\"https:\/\/addex.ch\/www.addex.ch\/Prazisionsteile.html\"><strong>Pr\u00e4zisionsteilen<\/strong><\/a>\u00a0an. Unser Know-how erstreckt sich von der Umsetzung Ihrer Idee bis hin zum fertigen Produkt, alles aus einer Hand. Die Addex AG verf\u00fcgt \u00fcber eine eigene\u00a0<a href=\"https:\/\/addex.ch\/www.addex.ch\/Konstruktion_und_Entwicklung.html\"><strong>Konstruktions- und Entwicklungsabteilung<\/strong>.\u00a0<\/a>Der modern eingerichtete Formenbau besticht durch eine grosse Fertigungstiefe, welche ein Maximum an Flexibilit\u00e4t gew\u00e4hrleistet. Spritzgussformen wie auch Pressformen k\u00f6nnen in unserer\u00a0<a href=\"https:\/\/addex.ch\/www.addex.ch\/Produktion.html\"><strong>Produktion<\/strong><\/a>\u00a0bemustert werden.\u00a0<\/p>\n\n\n\n<p class=\"has-text-color\" style=\"color:#fff;font-size:clamp(14px, 0.875rem + ((1vw - 3.2px) * 0.588), 20px);\">Oberstes Ziel von Addex ist \u201eder stets zufriedene Kunde\u201c. Qualit\u00e4t bedeutet f\u00fcr uns deshalb in erster Linie: Die Bed\u00fcrfnisse und Erwartungen unserer Kunden zu erkennen, sie zu erf\u00fcllen und die Vereinbarungen einzuhalten. Unser Wissen und K\u00f6nnen bringen wir partnerschaftlich in die von Ihnen gestellten Aufgaben ein, ganz nach dem Motto:<\/p>\n\n\n\n<div style=\"height:100px\" aria-hidden=\"true\" class=\"wp-block-spacer uag-hide-mob\"><\/div>\n\n\n\n<h2 class=\"wp-block-heading has-custom-color-1-color has-text-color has-link-color wp-elements-5d5dae092044092c674bc08cc0d92293\">&#8222;better solutions by cooperation&#8220;<\/h2>\n\n\n\n<div style=\"height:100px\" aria-hidden=\"true\" class=\"wp-block-spacer uag-hide-mob\"><\/div>\n\n\n\n<p class=\"has-base-color has-text-color has-link-color wp-elements-81a3a5367a00cb5210e3b5acd89237bc\" style=\"font-size:clamp(14px, 0.875rem + ((1vw - 3.2px) * 0.588), 20px);\">Durch die hohe Fachkompetenz und die grosse Eigenverantwortung unseres Teams sind wir Teil des langfristigen Erfolgs unserer Kunden !<\/p>\n\n\n\n<div style=\"height:180px\" aria-hidden=\"true\" class=\"wp-block-spacer uag-hide-mob\"><\/div>\n\n\n\n<div class=\"wp-block-columns is-layout-flex wp-container-core-columns-is-layout-28f84493 wp-block-columns-is-layout-flex\">\n<div class=\"wp-block-column is-layout-flow wp-block-column-is-layout-flow\">\n<p class=\"has-base-color has-text-color has-link-color wp-elements-1a163ade50bed5aba5ca443b1dffe2a6\" style=\"font-size:clamp(14px, 0.875rem + ((1vw - 3.2px) * 0.588), 20px);\"><strong>Addex AG \u2013 Ihr Partner f\u00fcr Gesamtl\u00f6sungen<\/strong><\/p>\n\n\n\n<p class=\"has-base-color has-text-color has-link-color wp-elements-795da9ab8cdde4e434565beae05ffab8\" style=\"font-size:clamp(14px, 0.875rem + ((1vw - 3.2px) * 0.588), 20px);\">Dank langj\u00e4hriger Erfahrung, modernstem Maschinenpark und einem motivierten Team \u00fcberzeugen wir durch folgende St\u00e4rken:<\/p>\n\n\n\n<p class=\"has-base-color has-text-color has-link-color wp-elements-1f833a29dccc727fa4b0d52201326316\" style=\"font-size:clamp(14px, 0.875rem + ((1vw - 3.2px) * 0.588), 20px);\">Durch die hohe Fachkompetenz und die grosse Eigenverantwortung sind wir Teil des langfristigen Erfolgs unserer Kunden !<\/p>\n<\/div>\n\n\n\n<div class=\"wp-block-column is-layout-flow wp-block-column-is-layout-flow\">\n<ul style=\"border-style:none;border-width:0px;background-color:#97999ccf\" class=\"wp-block-list is-style-checkmark-list has-background has-medium-font-size\">\n<li class=\"has-base-color has-text-color has-link-color wp-elements-903a4356c558ae76bc20d6ac16ace61b\">kompetente Beratung<\/li>\n\n\n\n<li class=\"has-base-color has-text-color has-link-color wp-elements-1eb96b55edcac4464281d7c693ea6cfc\">zuverl\u00e4ssige Realisierung Ihrer Projekte<\/li>\n\n\n\n<li class=\"has-base-color has-text-color has-link-color wp-elements-83be8006fb74dd68128326e53e936771\">wettbewerbsf\u00e4hige Kosten und Konditionen<\/li>\n\n\n\n<li class=\"has-base-color has-text-color has-link-color wp-elements-3e9e2481bff3ee9e864bd714a2acd1b3\">Flexibilit\u00e4t bei Kundenw\u00fcnschen<\/li>\n\n\n\n<li class=\"has-base-color has-text-color has-link-color wp-elements-98bcea080c35a1b812d7b27315b8cff6\">realistische Lieferfristen und hohe Termintreue<\/li>\n\n\n\n<li class=\"has-base-color has-text-color has-link-color wp-elements-22065ffed20d9d6a11af4c2dcaa36204\">Swiss Made<\/li>\n<\/ul>\n<\/div>\n<\/div>\n\n\n\n<div style=\"height:100px\" aria-hidden=\"true\" class=\"wp-block-spacer\"><\/div>\n<\/div><\/div>\n","protected":false},"excerpt":{"rendered":"<p>Herzlich Willkommen bei der Addex AG<\/p>\n","protected":false},"author":1,"featured_media":0,"parent":0,"menu_order":0,"comment_status":"closed","ping_status":"closed","template":"","meta":{"_uag_custom_page_level_css":"","footnotes":""},"class_list":["post-84","page","type-page","status-publish","hentry"],"yoast_head":"<!-- This site is optimized with the Yoast SEO plugin v27.4 - https:\/\/yoast.com\/product\/yoast-seo-wordpress\/ -->\n<title>Startseite - Addex AG<\/title>\n<meta name=\"description\" content=\"Addex AG - Ihr kompetenter Partner in der Kunststofftechnik! - Wir bieten unseren Kunden qualitativ hochstehende L\u00f6sungen im Spritzguss- und Presswerkzeugbau, sowie der Herstellung von Pr\u00e4zisionsteilen an.\" \/>\n<meta name=\"robots\" content=\"index, follow, max-snippet:-1, max-image-preview:large, max-video-preview:-1\" \/>\n<link rel=\"canonical\" href=\"https:\/\/addex.ch\/startseite\/\" \/>\n<meta property=\"og:locale\" content=\"de_DE\" \/>\n<meta property=\"og:type\" content=\"article\" \/>\n<meta property=\"og:title\" content=\"Startseite - Addex AG\" \/>\n<meta property=\"og:description\" content=\"Addex AG - Ihr kompetenter Partner in der Kunststofftechnik! - Wir bieten unseren Kunden qualitativ hochstehende L\u00f6sungen im Spritzguss- und Presswerkzeugbau, sowie der Herstellung von Pr\u00e4zisionsteilen an.\" \/>\n<meta property=\"og:url\" content=\"https:\/\/addex.ch\/startseite\/\" \/>\n<meta property=\"og:site_name\" content=\"Addex AG\" \/>\n<meta property=\"article:modified_time\" content=\"2025-12-05T13:11:38+00:00\" \/>\n<meta name=\"twitter:card\" content=\"summary_large_image\" \/>\n<script type=\"application\/ld+json\" class=\"yoast-schema-graph\">{\"@context\":\"https:\\\/\\\/schema.org\",\"@graph\":[{\"@type\":\"WebPage\",\"@id\":\"https:\\\/\\\/addex.ch\\\/startseite\\\/\",\"url\":\"https:\\\/\\\/addex.ch\\\/startseite\\\/\",\"name\":\"Startseite - Addex AG\",\"isPartOf\":{\"@id\":\"https:\\\/\\\/addex.ch\\\/startseite\\\/#website\"},\"datePublished\":\"2025-08-19T15:00:29+00:00\",\"dateModified\":\"2025-12-05T13:11:38+00:00\",\"description\":\"Addex AG - Ihr kompetenter Partner in der Kunststofftechnik! - Wir bieten unseren Kunden qualitativ hochstehende L\u00f6sungen im Spritzguss- und Presswerkzeugbau, sowie der Herstellung von Pr\u00e4zisionsteilen an.\",\"breadcrumb\":{\"@id\":\"https:\\\/\\\/addex.ch\\\/startseite\\\/#breadcrumb\"},\"inLanguage\":\"de\",\"potentialAction\":[{\"@type\":\"ReadAction\",\"target\":[\"https:\\\/\\\/addex.ch\\\/startseite\\\/\"]}]},{\"@type\":\"BreadcrumbList\",\"@id\":\"https:\\\/\\\/addex.ch\\\/startseite\\\/#breadcrumb\",\"itemListElement\":[{\"@type\":\"ListItem\",\"position\":1,\"name\":\"Startseite\",\"item\":\"https:\\\/\\\/addex.ch\\\/startseite\\\/\"},{\"@type\":\"ListItem\",\"position\":2,\"name\":\"Startseite\"}]},{\"@type\":\"WebSite\",\"@id\":\"https:\\\/\\\/addex.ch\\\/startseite\\\/#website\",\"url\":\"https:\\\/\\\/addex.ch\\\/startseite\\\/\",\"name\":\"Addex AG\",\"description\":\"better solutions by cooperation\",\"publisher\":{\"@id\":\"https:\\\/\\\/addex.ch\\\/startseite\\\/#organization\"},\"potentialAction\":[{\"@type\":\"SearchAction\",\"target\":{\"@type\":\"EntryPoint\",\"urlTemplate\":\"https:\\\/\\\/addex.ch\\\/startseite\\\/?s={search_term_string}\"},\"query-input\":{\"@type\":\"PropertyValueSpecification\",\"valueRequired\":true,\"valueName\":\"search_term_string\"}}],\"inLanguage\":\"de\"},{\"@type\":\"Organization\",\"@id\":\"https:\\\/\\\/addex.ch\\\/startseite\\\/#organization\",\"name\":\"Addex AG\",\"url\":\"https:\\\/\\\/addex.ch\\\/startseite\\\/\",\"logo\":{\"@type\":\"ImageObject\",\"inLanguage\":\"de\",\"@id\":\"https:\\\/\\\/addex.ch\\\/startseite\\\/#\\\/schema\\\/logo\\\/image\\\/\",\"url\":\"https:\\\/\\\/addex.ch\\\/wp-content\\\/uploads\\\/2025\\\/08\\\/Addex-Logo-1-scaled.png\",\"contentUrl\":\"https:\\\/\\\/addex.ch\\\/wp-content\\\/uploads\\\/2025\\\/08\\\/Addex-Logo-1-scaled.png\",\"width\":2560,\"height\":649,\"caption\":\"Addex AG\"},\"image\":{\"@id\":\"https:\\\/\\\/addex.ch\\\/startseite\\\/#\\\/schema\\\/logo\\\/image\\\/\"}}]}<\/script>\n<!-- \/ Yoast SEO plugin. -->","yoast_head_json":{"title":"Startseite - Addex AG","description":"Addex AG - Ihr kompetenter Partner in der Kunststofftechnik! - Wir bieten unseren Kunden qualitativ hochstehende L\u00f6sungen im Spritzguss- und Presswerkzeugbau, sowie der Herstellung von Pr\u00e4zisionsteilen an.","robots":{"index":"index","follow":"follow","max-snippet":"max-snippet:-1","max-image-preview":"max-image-preview:large","max-video-preview":"max-video-preview:-1"},"canonical":"https:\/\/addex.ch\/startseite\/","og_locale":"de_DE","og_type":"article","og_title":"Startseite - Addex AG","og_description":"Addex AG - Ihr kompetenter Partner in der Kunststofftechnik! - Wir bieten unseren Kunden qualitativ hochstehende L\u00f6sungen im Spritzguss- und Presswerkzeugbau, sowie der Herstellung von Pr\u00e4zisionsteilen an.","og_url":"https:\/\/addex.ch\/startseite\/","og_site_name":"Addex AG","article_modified_time":"2025-12-05T13:11:38+00:00","twitter_card":"summary_large_image","schema":{"@context":"https:\/\/schema.org","@graph":[{"@type":"WebPage","@id":"https:\/\/addex.ch\/startseite\/","url":"https:\/\/addex.ch\/startseite\/","name":"Startseite - Addex AG","isPartOf":{"@id":"https:\/\/addex.ch\/startseite\/#website"},"datePublished":"2025-08-19T15:00:29+00:00","dateModified":"2025-12-05T13:11:38+00:00","description":"Addex AG - Ihr kompetenter Partner in der Kunststofftechnik! - Wir bieten unseren Kunden qualitativ hochstehende L\u00f6sungen im Spritzguss- und Presswerkzeugbau, sowie der Herstellung von Pr\u00e4zisionsteilen an.","breadcrumb":{"@id":"https:\/\/addex.ch\/startseite\/#breadcrumb"},"inLanguage":"de","potentialAction":[{"@type":"ReadAction","target":["https:\/\/addex.ch\/startseite\/"]}]},{"@type":"BreadcrumbList","@id":"https:\/\/addex.ch\/startseite\/#breadcrumb","itemListElement":[{"@type":"ListItem","position":1,"name":"Startseite","item":"https:\/\/addex.ch\/startseite\/"},{"@type":"ListItem","position":2,"name":"Startseite"}]},{"@type":"WebSite","@id":"https:\/\/addex.ch\/startseite\/#website","url":"https:\/\/addex.ch\/startseite\/","name":"Addex AG","description":"better solutions by cooperation","publisher":{"@id":"https:\/\/addex.ch\/startseite\/#organization"},"potentialAction":[{"@type":"SearchAction","target":{"@type":"EntryPoint","urlTemplate":"https:\/\/addex.ch\/startseite\/?s={search_term_string}"},"query-input":{"@type":"PropertyValueSpecification","valueRequired":true,"valueName":"search_term_string"}}],"inLanguage":"de"},{"@type":"Organization","@id":"https:\/\/addex.ch\/startseite\/#organization","name":"Addex AG","url":"https:\/\/addex.ch\/startseite\/","logo":{"@type":"ImageObject","inLanguage":"de","@id":"https:\/\/addex.ch\/startseite\/#\/schema\/logo\/image\/","url":"https:\/\/addex.ch\/wp-content\/uploads\/2025\/08\/Addex-Logo-1-scaled.png","contentUrl":"https:\/\/addex.ch\/wp-content\/uploads\/2025\/08\/Addex-Logo-1-scaled.png","width":2560,"height":649,"caption":"Addex AG"},"image":{"@id":"https:\/\/addex.ch\/startseite\/#\/schema\/logo\/image\/"}}]}},"uagb_featured_image_src":{"full":false,"thumbnail":false,"medium":false,"medium_large":false,"large":false,"1536x1536":false,"2048x2048":false},"uagb_author_info":{"display_name":"admin","author_link":"https:\/\/addex.ch\/startseite\/author\/info_s90cum3w\/"},"uagb_comment_info":0,"uagb_excerpt":"Herzlich Willkommen bei der Addex AG","jetpack_sharing_enabled":true,"_links":{"self":[{"href":"https:\/\/addex.ch\/startseite\/wp-json\/wp\/v2\/pages\/84","targetHints":{"allow":["GET"]}}],"collection":[{"href":"https:\/\/addex.ch\/startseite\/wp-json\/wp\/v2\/pages"}],"about":[{"href":"https:\/\/addex.ch\/startseite\/wp-json\/wp\/v2\/types\/page"}],"author":[{"embeddable":true,"href":"https:\/\/addex.ch\/startseite\/wp-json\/wp\/v2\/users\/1"}],"replies":[{"embeddable":true,"href":"https:\/\/addex.ch\/startseite\/wp-json\/wp\/v2\/comments?post=84"}],"version-history":[{"count":12,"href":"https:\/\/addex.ch\/startseite\/wp-json\/wp\/v2\/pages\/84\/revisions"}],"predecessor-version":[{"id":440,"href":"https:\/\/addex.ch\/startseite\/wp-json\/wp\/v2\/pages\/84\/revisions\/440"}],"wp:attachment":[{"href":"https:\/\/addex.ch\/startseite\/wp-json\/wp\/v2\/media?parent=84"}],"curies":[{"name":"wp","href":"https:\/\/api.w.org\/{rel}","templated":true}]}}